{"id":29370,"date":"2021-09-29T20:22:23","date_gmt":"2021-09-29T20:22:23","guid":{"rendered":"http:\/\/185.25.206.26\/~sintekas\/?page_id=29370"},"modified":"2021-09-29T20:33:01","modified_gmt":"2021-09-29T20:33:01","slug":"privacy","status":"publish","type":"page","link":"https:\/\/www.sintekassisi.it\/en\/privacy\/","title":{"rendered":"Privacy"},"content":{"rendered":"<section class=\"l-section wpb_row us_custom_34336ff3 height_auto width_full color_secondary\"><div class=\"l-section-h i-cf\"><div class=\"g-cols vc_row via_flex valign_top type_default stacking_default\"><div class=\"vc_col-sm-12 wpb_column vc_column_container\"><div class=\"vc_column-inner\"><div class=\"wpb_wrapper\"><div class=\"g-cols wpb_row via_flex valign_top type_default stacking_default\"><div class=\"vc_col-sm-12 wpb_column vc_column_container\"><div class=\"vc_column-inner\"><div class=\"wpb_wrapper\"><section class=\"l-section wpb_row us_custom_45142674 height_large width_full with_img\"><div class=\"l-section-img\" role=\"img\" data-img-width=\"1600\" data-img-height=\"300\" style=\"background-image: url(https:\/\/www.sintekassisi.it\/wp-content\/uploads\/2021\/03\/sintek-contenitori-plastica.jpg);\"><\/div><div class=\"l-section-overlay\" style=\"background:rgba(0,0,0,0.35)\"><\/div><div class=\"l-section-h i-cf\"><div class=\"g-cols vc_row via_flex valign_top type_default stacking_default\"><div class=\"vc_col-sm-12 wpb_column vc_column_container\"><div class=\"vc_column-inner us_custom_eb849559\"><div class=\"wpb_wrapper\"><h2 class=\"w-post-elm post_title entry-title color_link_inherit\">Privacy<\/h2><ol class=\"g-breadcrumbs separator_icon align_center\" role=\"navigation\" itemscope itemtype=\"http:\/\/schema.org\/BreadcrumbList\"><li class=\"g-breadcrumbs-item\" itemscope itemprop=\"itemListElement\" itemtype=\"http:\/\/schema.org\/ListItem\"><a itemprop=\"item\" href=\"https:\/\/www.sintekassisi.it\/en\/\"><span itemprop=\"name\">Home<\/span><\/a><meta itemprop=\"position\" content=\"1\"\/><\/li><li class=\"g-breadcrumbs-separator\"><i class=\"far fa-angle-right\"><\/i><\/li><li class=\"g-breadcrumbs-item\">Pages<\/li><\/ol><\/div><\/div><\/div><\/div><\/div><\/section>\n<\/div><\/div><\/div><\/div><\/div><\/div><\/div><\/div><\/div><\/section><section class=\"l-section wpb_row us_custom_fdcab3db height_auto full_height valign_center\"><div class=\"l-section-h i-cf\"><div class=\"g-cols vc_row via_flex valign_top type_default stacking_default\"><div class=\"vc_col-sm-12 wpb_column vc_column_container\"><div class=\"vc_column-inner\"><div class=\"wpb_wrapper\"><div class=\"w-separator size_huge\"><\/div><h2 class=\"w-text\"><span url class=\"w-text-h\"><span class=\"w-text-value\">D.Lgs. 196\/03<\/span><\/span><\/h2><div class=\"w-separator size_medium\"><\/div><div class=\"g-cols wpb_row us_custom_a89ab413 box-ombra via_flex valign_top type_default stacking_default\"><div class=\"vc_col-sm-12 wpb_column vc_column_container\"><div class=\"vc_column-inner us_custom_7e20fa79 us_animate_this\"><div class=\"wpb_wrapper\"><div class=\"wpb_text_column\"><div class=\"wpb_wrapper\"><p><strong>1. Di cosa abbiamo bisogno<\/strong><br \/>\nLa nostra Politica sulla Protezione dei Dati Personali regola l\u2019uso e la conservazione dei tuoi dati. Puoi vedere la nostra Politica sulla Protezione dei Dati Personali al Link Informativa <a href=\"https:\/\/sintekassisi.it\/it\/privacy-completa.php\" target=\"_blank\" rel=\"noopener\"><em><strong>Privacy e Cookie Policy<\/strong><\/em><\/a>. (oppure presso la bacheca pubblica all\u2019interno della nostra sede).<\/p>\n<p><strong>Sintek Srl<\/strong> , nella persona del legale rappresentante, \u00e8 il Titolare del trattamento dei dati personali che tu (interessato) ci fornisci. Noi raccogliamo I seguenti tipi di dati personali:<\/p>\n<p>\u2022 Nome<br \/>\n\u2022 Cognome<br \/>\n\u2022 Indirizzo<br \/>\n\u2022 Citt\u00e0<br \/>\n\u2022 Provincia<br \/>\n\u2022 Azienda<br \/>\n\u2022 P.Iva<br \/>\n\u2022 E-mail<br \/>\n\u2022 Telefono<br \/>\n\u2022 Richiesta<\/p>\n<p><strong>2. Perch\u00e9 ne abbiamo bisogno <\/strong><br \/>\nAbbiamo bisogno dei tuoi dati personali per fornirti i seguenti servizi:<br \/>\n\u2022 I Dati dell\u2019Utente sono raccolti per consentire al Titolare di fornire i propri Servizi, cos\u00ec come per le seguenti finalit\u00e0: Statistica, Fornitura di offerte commerciali su richiesta dell&#8217;utente, Remarketing e behavioral targeting, Visualizzazione di contenuti da piattaforme esterne, Contattare l&#8217;Utente e Protezione dallo SPAM.<\/p>\n<p><strong>3. Cosa ne facciamo e a chi possiamo comunicarli<\/strong><br \/>\nI tuoi dati personali vengono trattati nella sede di Sintek Srl \u2013  Via Eugubina 90 &#8211; 06081 Petrignano di Assisi (PG) &#8211; Umbria \u2013 IT . L\u2019hosting e l\u2019archiviazione dei dati si svolgono in Aruba S.p.A,  situata in Via San Clemente, 53 &#8211; 24036 Ponte San Pietro (BG).<\/p>\n<p>Per ognuna delle finalit\u00e0 che ti abbiamo sopra descritto ti indichiamo la \u201cbase giuridica\u201d \u2013 vale a dire, per quali ragioni il trattamento \u00e8 consentito \u2013 precisando quali trattamenti sono necessari e quali dipendono da una tua scelta. I trattamenti descritti sono necessari per formare ed eseguire i contratti e per adempiere ai connessi obblighi di legge, e comunque per il perseguimento del legittimo interesse della nostra Azienda alla corretta formazione ed esecuzione del rapporto, e per l\u2019adempimento degli obblighi che ne nascono e, in ogni caso, alla tutela delle sue ragioni contrattuali. L\u2019acquisizione dei dati per le finalit\u00e0 indicate \u00e8 dunque necessaria e costituisce un requisito essenziale per la conclusione e l\u2019esecuzione del contratto, in mancanza del quale non sarebbe possibile fornire prodotti e\/o svolgere i servizi.<\/p>\n<p>In ogni caso, per tua massima garanzia, ti potrai informare e\/o opporre in qualunque momento ai trattamenti per tale specifica finalit\u00e0, con le modalit\u00e0 che sono indicate in fondo a questa informativa.<\/p>\n<p>Nessun soggetto terzo ha accesso ai tuoi dati, a meno che non sia specificamente richiesto dalla legge o previsto necessariamente come parte integrante dei nostri obblighi contrattuali nei tuoi confronti, senza i quali verrebbero meno le possibilit\u00e0 di erogarti prodotti e\/o servizi.<\/p>\n<p><strong>4. Per quanto tempo li conserviamo e con quali modalit\u00e0 sono trattati<\/strong><br \/>\nAi sensi delle norme italiane, siamo tenuti a conservare i documenti che fanno parte dei trattamenti vincolati per legge per un periodo di tempo obbligatorio definito dalle leggi medesime, in base alla nostra Politica di Conservazione dei Dati. Dopo questo periodo, i tuoi dati personali saranno irreversibilmente distrutti. Tutti i dati personali da noi detenuti per le notifiche di aggiornamento dei nostri prodotti e servizi, o per attivit\u00e0 commerciali e di marketing, o per elaborazioni per attivit\u00e0 non vincolate a termini di legge, saranno conservati fino a quando non ci comunicherai che non desideri pi\u00f9 ricevere tali informazioni. Per maggiori informazioni sul nostro programma di conservazione dei dati personali, vedi la nostra Politica di Conservazione dei Dati.<\/p>\n<p>I dati che ti riguardano saranno trattati con modalit\u00e0 cartacea e\/o elettronica. Per noi la sicurezza e la corretta conservazione dei tuoi dati sono fondamentali, anche per prevenire trattamenti non autorizzati o illeciti e la distruzione o la perdita accidentale dei dati.<\/p>\n<p>\u00c8 per questo che i trattamenti sono svolti nel rispetto di misure di sicurezza adeguate, sia direttamente, che da eventuali Responsabili esterni dei trattamenti e da soggetti posti sotto la loro autorit\u00e0 e adeguatamente istruiti. In caso di proposte congiunte con altri soggetti, queste altre aziende potrebbero operare autonomamente come \u201ctitolari\u201d dei trattamenti da loro svolti, sui quali ti forniranno un\u2019informativa separata.<\/p>\n<p><strong>5. Quali sono i tuoi diritti e a chi puoi rivolgerti<\/strong><br \/>\nSe ritieni che qualsiasi dato personale che conserviamo sia errato o incompleto, puoi richiedere di vedere queste informazioni, correggerle o cancellarle. Ti preghiamo di contattarci tramite il Modulo di Richiesta di Accesso ai Dati, disponibile presso la nostra sede in Via Eugubina 90 &#8211; 06081 Petrignano di Assisi (PG) &#8211; Umbria &#8211; IT).<\/p>\n<p>Nel caso in cui desideri informazioni per come abbiamo gestito i tuoi dati personali, contatta il Sintek Srl, titolare del trattamento, all\u2019indirizzo info@185.25.206.26 o per iscritto all\u2019indirizzo Via Eugubina 90 &#8211; 06081 Petrignano di Assisi (PG) &#8211; Umbria &#8211; IT). Il Sintek Srl, titolare del trattamento esaminer\u00e0 la tua richiesta e si adoperer\u00e0 per fornirti tutte le informazioni necessarie.<\/p>\n<p>Se ritieni che i tuoi dati personali non siano stati gestiti in modo appropriato secondo la legge, puoi altres\u00ec contattare il Sintek Srl, titolare del trattamento agli indirizzi sopra indicati, oppure inviare una segnalazione all\u2019Autorit\u00e0 per la Protezione dei Dati, raggiungibile al link www.garanteprivacy.it.<\/p>\n<\/div><\/div><div class=\"w-separator size_huge\"><\/div><\/div><\/div><\/div><\/div><\/div><\/div><\/div><\/div><\/div><\/section>\n","protected":false},"excerpt":{"rendered":"PrivacyHomePages D.Lgs. 196\/031. Di cosa abbiamo bisogno La nostra Politica sulla Protezione dei Dati Personali regola l\u2019uso e la conservazione dei tuoi dati. Puoi vedere la nostra Politica sulla Protezione dei Dati Personali al Link Informativa Privacy e Cookie Policy. (oppure presso la bacheca pubblica all\u2019interno della nostra sede). Sintek Srl , nella persona del...","protected":false},"author":2,"featured_media":0,"parent":0,"menu_order":0,"comment_status":"closed","ping_status":"closed","template":"","meta":{"_acf_changed":false,"footnotes":""},"class_list":["post-29370","page","type-page","status-publish","hentry"],"acf":[],"yoast_head":"<!-- This site is optimized with the Yoast SEO plugin v27.4 - https:\/\/yoast.com\/product\/yoast-seo-wordpress\/ -->\n<title>Privacy - Produzione contenitori in plastica - Sintek Assisi<\/title>\n<meta name=\"robots\" content=\"index, follow, max-snippet:-1, max-image-preview:large, max-video-preview:-1\" \/>\n<link rel=\"canonical\" href=\"https:\/\/www.sintekassisi.it\/en\/privacy\/\" \/>\n<meta property=\"og:locale\" content=\"en_US\" \/>\n<meta property=\"og:type\" content=\"article\" \/>\n<meta property=\"og:title\" content=\"Privacy - Produzione contenitori in plastica - Sintek Assisi\" \/>\n<meta property=\"og:url\" content=\"https:\/\/www.sintekassisi.it\/en\/privacy\/\" \/>\n<meta property=\"og:site_name\" content=\"Produzione contenitori in plastica - Sintek Assisi\" \/>\n<meta property=\"article:modified_time\" content=\"2021-09-29T20:33:01+00:00\" \/>\n<meta name=\"twitter:card\" content=\"summary_large_image\" \/>\n<meta name=\"twitter:label1\" content=\"Est. reading time\" \/>\n\t<meta name=\"twitter:data1\" content=\"5 minutes\" \/>\n<script type=\"application\/ld+json\" class=\"yoast-schema-graph\">{\"@context\":\"https:\\\/\\\/schema.org\",\"@graph\":[{\"@type\":\"WebPage\",\"@id\":\"https:\\\/\\\/www.sintekassisi.it\\\/en\\\/privacy\\\/\",\"url\":\"https:\\\/\\\/www.sintekassisi.it\\\/en\\\/privacy\\\/\",\"name\":\"Privacy - Produzione contenitori in plastica - Sintek Assisi\",\"isPartOf\":{\"@id\":\"https:\\\/\\\/www.sintekassisi.it\\\/#website\"},\"datePublished\":\"2021-09-29T20:22:23+00:00\",\"dateModified\":\"2021-09-29T20:33:01+00:00\",\"breadcrumb\":{\"@id\":\"https:\\\/\\\/www.sintekassisi.it\\\/en\\\/privacy\\\/#breadcrumb\"},\"inLanguage\":\"en-US\",\"potentialAction\":[{\"@type\":\"ReadAction\",\"target\":[\"https:\\\/\\\/www.sintekassisi.it\\\/en\\\/privacy\\\/\"]}]},{\"@type\":\"BreadcrumbList\",\"@id\":\"https:\\\/\\\/www.sintekassisi.it\\\/en\\\/privacy\\\/#breadcrumb\",\"itemListElement\":[{\"@type\":\"ListItem\",\"position\":1,\"name\":\"Home\",\"item\":\"https:\\\/\\\/www.sintekassisi.it\\\/en\\\/\"},{\"@type\":\"ListItem\",\"position\":2,\"name\":\"Privacy\"}]},{\"@type\":\"WebSite\",\"@id\":\"https:\\\/\\\/www.sintekassisi.it\\\/#website\",\"url\":\"https:\\\/\\\/www.sintekassisi.it\\\/\",\"name\":\"Produzione contenitori in plastica - Sintek Assisi\",\"description\":\"Innovazione nel mondo dei contenitori, flaconi e vasi in plastica\",\"publisher\":{\"@id\":\"https:\\\/\\\/www.sintekassisi.it\\\/#organization\"},\"potentialAction\":[{\"@type\":\"SearchAction\",\"target\":{\"@type\":\"EntryPoint\",\"urlTemplate\":\"https:\\\/\\\/www.sintekassisi.it\\\/?s={search_term_string}\"},\"query-input\":{\"@type\":\"PropertyValueSpecification\",\"valueRequired\":true,\"valueName\":\"search_term_string\"}}],\"inLanguage\":\"en-US\"},{\"@type\":\"Organization\",\"@id\":\"https:\\\/\\\/www.sintekassisi.it\\\/#organization\",\"name\":\"Produzione contenitori in plastica - Sintek Assisi\",\"url\":\"https:\\\/\\\/www.sintekassisi.it\\\/\",\"logo\":{\"@type\":\"ImageObject\",\"inLanguage\":\"en-US\",\"@id\":\"https:\\\/\\\/www.sintekassisi.it\\\/#\\\/schema\\\/logo\\\/image\\\/\",\"url\":\"https:\\\/\\\/www.sintekassisi.it\\\/wp-content\\\/uploads\\\/2017\\\/07\\\/sintek-assisi-logo.svg\",\"contentUrl\":\"https:\\\/\\\/www.sintekassisi.it\\\/wp-content\\\/uploads\\\/2017\\\/07\\\/sintek-assisi-logo.svg\",\"caption\":\"Produzione contenitori in plastica - Sintek Assisi\"},\"image\":{\"@id\":\"https:\\\/\\\/www.sintekassisi.it\\\/#\\\/schema\\\/logo\\\/image\\\/\"}}]}<\/script>\n<!-- \/ Yoast SEO plugin. -->","yoast_head_json":{"title":"Privacy - Produzione contenitori in plastica - Sintek Assisi","robots":{"index":"index","follow":"follow","max-snippet":"max-snippet:-1","max-image-preview":"max-image-preview:large","max-video-preview":"max-video-preview:-1"},"canonical":"https:\/\/www.sintekassisi.it\/en\/privacy\/","og_locale":"en_US","og_type":"article","og_title":"Privacy - Produzione contenitori in plastica - Sintek Assisi","og_url":"https:\/\/www.sintekassisi.it\/en\/privacy\/","og_site_name":"Produzione contenitori in plastica - Sintek Assisi","article_modified_time":"2021-09-29T20:33:01+00:00","twitter_card":"summary_large_image","twitter_misc":{"Est. reading time":"5 minutes"},"schema":{"@context":"https:\/\/schema.org","@graph":[{"@type":"WebPage","@id":"https:\/\/www.sintekassisi.it\/en\/privacy\/","url":"https:\/\/www.sintekassisi.it\/en\/privacy\/","name":"Privacy - Produzione contenitori in plastica - Sintek Assisi","isPartOf":{"@id":"https:\/\/www.sintekassisi.it\/#website"},"datePublished":"2021-09-29T20:22:23+00:00","dateModified":"2021-09-29T20:33:01+00:00","breadcrumb":{"@id":"https:\/\/www.sintekassisi.it\/en\/privacy\/#breadcrumb"},"inLanguage":"en-US","potentialAction":[{"@type":"ReadAction","target":["https:\/\/www.sintekassisi.it\/en\/privacy\/"]}]},{"@type":"BreadcrumbList","@id":"https:\/\/www.sintekassisi.it\/en\/privacy\/#breadcrumb","itemListElement":[{"@type":"ListItem","position":1,"name":"Home","item":"https:\/\/www.sintekassisi.it\/en\/"},{"@type":"ListItem","position":2,"name":"Privacy"}]},{"@type":"WebSite","@id":"https:\/\/www.sintekassisi.it\/#website","url":"https:\/\/www.sintekassisi.it\/","name":"Produzione contenitori in plastica - Sintek Assisi","description":"Innovazione nel mondo dei contenitori, flaconi e vasi in plastica","publisher":{"@id":"https:\/\/www.sintekassisi.it\/#organization"},"potentialAction":[{"@type":"SearchAction","target":{"@type":"EntryPoint","urlTemplate":"https:\/\/www.sintekassisi.it\/?s={search_term_string}"},"query-input":{"@type":"PropertyValueSpecification","valueRequired":true,"valueName":"search_term_string"}}],"inLanguage":"en-US"},{"@type":"Organization","@id":"https:\/\/www.sintekassisi.it\/#organization","name":"Produzione contenitori in plastica - Sintek Assisi","url":"https:\/\/www.sintekassisi.it\/","logo":{"@type":"ImageObject","inLanguage":"en-US","@id":"https:\/\/www.sintekassisi.it\/#\/schema\/logo\/image\/","url":"https:\/\/www.sintekassisi.it\/wp-content\/uploads\/2017\/07\/sintek-assisi-logo.svg","contentUrl":"https:\/\/www.sintekassisi.it\/wp-content\/uploads\/2017\/07\/sintek-assisi-logo.svg","caption":"Produzione contenitori in plastica - Sintek Assisi"},"image":{"@id":"https:\/\/www.sintekassisi.it\/#\/schema\/logo\/image\/"}}]}},"_links":{"self":[{"href":"https:\/\/www.sintekassisi.it\/en\/wp-json\/wp\/v2\/pages\/29370","targetHints":{"allow":["GET"]}}],"collection":[{"href":"https:\/\/www.sintekassisi.it\/en\/wp-json\/wp\/v2\/pages"}],"about":[{"href":"https:\/\/www.sintekassisi.it\/en\/wp-json\/wp\/v2\/types\/page"}],"author":[{"embeddable":true,"href":"https:\/\/www.sintekassisi.it\/en\/wp-json\/wp\/v2\/users\/2"}],"replies":[{"embeddable":true,"href":"https:\/\/www.sintekassisi.it\/en\/wp-json\/wp\/v2\/comments?post=29370"}],"version-history":[{"count":3,"href":"https:\/\/www.sintekassisi.it\/en\/wp-json\/wp\/v2\/pages\/29370\/revisions"}],"predecessor-version":[{"id":29381,"href":"https:\/\/www.sintekassisi.it\/en\/wp-json\/wp\/v2\/pages\/29370\/revisions\/29381"}],"wp:attachment":[{"href":"https:\/\/www.sintekassisi.it\/en\/wp-json\/wp\/v2\/media?parent=29370"}],"curies":[{"name":"wp","href":"https:\/\/api.w.org\/{rel}","templated":true}]}}